{"id":3010,"date":"2023-08-29T15:52:50","date_gmt":"2023-08-29T15:52:50","guid":{"rendered":"https:\/\/avessoknitlab.com\/my-account\/"},"modified":"2024-11-12T12:32:47","modified_gmt":"2024-11-12T12:32:47","slug":"my-account","status":"publish","type":"page","link":"https:\/\/avessoknitlab.com\/en\/my-account\/","title":{"rendered":""},"content":{"rendered":"<div data-elementor-type=\"wp-page\" data-elementor-id=\"3010\" class=\"elementor elementor-3010\" data-elementor-post-type=\"page\">\n\t\t\t\t\t\t<section class=\"elementor-section elementor-top-section elementor-element elementor-element-69a1859c elementor-section-boxed elementor-section-height-default elementor-section-height-default\" data-id=\"69a1859c\" data-element_type=\"section\" data-settings=\"{&quot;background_background&quot;:&quot;classic&quot;}\">\n\t\t\t\t\t\t<div class=\"elementor-container elementor-column-gap-default\">\n\t\t\t\t\t<div class=\"elementor-column elementor-col-100 elementor-top-column elementor-element elementor-element-29dad1f6\" data-id=\"29dad1f6\" data-element_type=\"column\">\n\t\t\t<div class=\"elementor-widget-wrap elementor-element-populated\">\n\t\t\t\t\t\t<div class=\"elementor-element elementor-element-88c4b5e e-my-account-tabs-vertical elementor-widget elementor-widget-woocommerce-my-account\" data-id=\"88c4b5e\" data-element_type=\"widget\" data-widget_type=\"woocommerce-my-account.default\">\n\t\t\t\t<div class=\"elementor-widget-container\">\n\t\t\t<link rel=\"stylesheet\" href=\"https:\/\/avessoknitlab.com\/wp-content\/plugins\/elementor-pro\/assets\/css\/widget-woocommerce.min.css?ver=1721225176\"><div class=\"e-my-account-tab e-my-account-tab__\">\t\t\t<div class=\"woocommerce\"><\/div>\t\t<\/div>\n\t\t\t\t<\/div>\n\t\t\t\t<\/div>\n\t\t\t\t\t<\/div>\n\t\t<\/div>\n\t\t\t\t\t<\/div>\n\t\t<\/section>\n\t\t\t\t<section class=\"elementor-section elementor-top-section elementor-element elementor-element-58b8fd7 elementor-section-boxed elementor-section-height-default elementor-section-height-default\" data-id=\"58b8fd7\" data-element_type=\"section\">\n\t\t\t\t\t\t<div class=\"elementor-container elementor-column-gap-default\">\n\t\t\t\t\t<div class=\"elementor-column elementor-col-100 elementor-top-column elementor-element elementor-element-be01c70\" data-id=\"be01c70\" data-element_type=\"column\">\n\t\t\t<div class=\"elementor-widget-wrap elementor-element-populated\">\n\t\t\t\t\t\t<div class=\"elementor-element elementor-element-87bdf08 elementor-widget elementor-widget-spacer\" data-id=\"87bdf08\" data-element_type=\"widget\" data-widget_type=\"spacer.default\">\n\t\t\t\t<div class=\"elementor-widget-container\">\n\t\t\t<style>\/*! elementor - v3.23.0 - 15-07-2024 *\/\n.elementor-column .elementor-spacer-inner{height:var(--spacer-size)}.e-con{--container-widget-width:100%}.e-con-inner>.elementor-widget-spacer,.e-con>.elementor-widget-spacer{width:var(--container-widget-width,var(--spacer-size));--align-self:var(--container-widget-align-self,initial);--flex-shrink:0}.e-con-inner>.elementor-widget-spacer>.elementor-widget-container,.e-con>.elementor-widget-spacer>.elementor-widget-container{height:100%;width:100%}.e-con-inner>.elementor-widget-spacer>.elementor-widget-container>.elementor-spacer,.e-con>.elementor-widget-spacer>.elementor-widget-container>.elementor-spacer{height:100%}.e-con-inner>.elementor-widget-spacer>.elementor-widget-container>.elementor-spacer>.elementor-spacer-inner,.e-con>.elementor-widget-spacer>.elementor-widget-container>.elementor-spacer>.elementor-spacer-inner{height:var(--container-widget-height,var(--spacer-size))}.e-con-inner>.elementor-widget-spacer.elementor-widget-empty,.e-con>.elementor-widget-spacer.elementor-widget-empty{position:relative;min-height:22px;min-width:22px}.e-con-inner>.elementor-widget-spacer.elementor-widget-empty .elementor-widget-empty-icon,.e-con>.elementor-widget-spacer.elementor-widget-empty .elementor-widget-empty-icon{position:absolute;top:0;bottom:0;left:0;right:0;margin:auto;padding:0;width:22px;height:22px}<\/style>\t\t<div class=\"elementor-spacer\">\n\t\t\t<div class=\"elementor-spacer-inner\"><\/div>\n\t\t<\/div>\n\t\t\t\t<\/div>\n\t\t\t\t<\/div>\n\t\t\t\t\t<\/div>\n\t\t<\/div>\n\t\t\t\t\t<\/div>\n\t\t<\/section>\n\t\t\t\t<\/div>","protected":false},"excerpt":{"rendered":"<p>Detalhes de Conta Encomendas Moradas Logout Ol\u00e1 Jorge Lima Dengun (n\u00e3o \u00e9 Jorge Lima Dengun? Sair) No painel da sua conta pode ver as encomendas mais recentes, gerir as moradas de envio e de factura\u00e7\u00e3o e editar os detalhes e a senha da conta.<\/p>","protected":false},"author":1,"featured_media":0,"parent":0,"menu_order":0,"comment_status":"closed","ping_status":"closed","template":"","meta":{"_acf_changed":false,"footnotes":""},"class_list":["post-3010","page","type-page","status-publish","hentry"],"acf":[],"yoast_head":"<!-- This site is optimized with the Yoast SEO Premium plugin v23.0 (Yoast SEO v23.0) - https:\/\/yoast.com\/wordpress\/plugins\/seo\/ -->\n<title>\u00c1rea de Cliente | avesso knitlab<\/title>\n<meta name=\"description\" content=\"Fa\u00e7a Login na sua conta avesso knitlab: acesso r\u00e1pido e seguro \u00e0 sua \u00e1rea de cliente.\" \/>\n<meta name=\"robots\" content=\"index, follow, max-snippet:-1, max-image-preview:large, max-video-preview:-1\" \/>\n<link rel=\"canonical\" href=\"https:\/\/avessoknitlab.com\/en\/my-account\/\" \/>\n<meta property=\"og:locale\" content=\"en_GB\" \/>\n<meta property=\"og:type\" content=\"article\" \/>\n<meta property=\"og:description\" content=\"Fa\u00e7a Login na sua conta avesso knitlab: acesso r\u00e1pido e seguro \u00e0 sua \u00e1rea de cliente.\" \/>\n<meta property=\"og:url\" content=\"https:\/\/avessoknitlab.com\/en\/my-account\/\" \/>\n<meta property=\"og:site_name\" content=\"avesso knitlab\" \/>\n<meta property=\"article:modified_time\" content=\"2024-11-12T12:32:47+00:00\" \/>\n<meta name=\"twitter:card\" content=\"summary_large_image\" \/>\n<meta name=\"twitter:label1\" content=\"Estimated reading time\" \/>\n\t<meta name=\"twitter:data1\" content=\"1 minute\" \/>\n<script type=\"application\/ld+json\" class=\"yoast-schema-graph\">{\"@context\":\"https:\/\/schema.org\",\"@graph\":[{\"@type\":\"WebPage\",\"@id\":\"https:\/\/avessoknitlab.com\/my-account\/\",\"url\":\"https:\/\/avessoknitlab.com\/my-account\/\",\"name\":\"\u00c1rea de Cliente | avesso knitlab\",\"isPartOf\":{\"@id\":\"https:\/\/avessoknitlab.com\/#website\"},\"datePublished\":\"2023-08-29T15:52:50+00:00\",\"dateModified\":\"2024-11-12T12:32:47+00:00\",\"description\":\"Fa\u00e7a Login na sua conta avesso knitlab: acesso r\u00e1pido e seguro \u00e0 sua \u00e1rea de cliente.\",\"inLanguage\":\"en-GB\",\"potentialAction\":[{\"@type\":\"ReadAction\",\"target\":[\"https:\/\/avessoknitlab.com\/my-account\/\"]}]},{\"@type\":\"WebSite\",\"@id\":\"https:\/\/avessoknitlab.com\/#website\",\"url\":\"https:\/\/avessoknitlab.com\/\",\"name\":\"avesso knitlab\",\"description\":\"Exploring knit boundaries\",\"publisher\":{\"@id\":\"https:\/\/avessoknitlab.com\/#organization\"},\"potentialAction\":[{\"@type\":\"SearchAction\",\"target\":{\"@type\":\"EntryPoint\",\"urlTemplate\":\"https:\/\/avessoknitlab.com\/?s={search_term_string}\"},\"query-input\":\"required name=search_term_string\"}],\"inLanguage\":\"en-GB\"},{\"@type\":\"Organization\",\"@id\":\"https:\/\/avessoknitlab.com\/#organization\",\"name\":\"avesso knitlab\",\"url\":\"https:\/\/avessoknitlab.com\/\",\"logo\":{\"@type\":\"ImageObject\",\"inLanguage\":\"en-GB\",\"@id\":\"https:\/\/avessoknitlab.com\/#\/schema\/logo\/image\/\",\"url\":\"https:\/\/avessoknitlab.com\/wp-content\/uploads\/2023\/06\/avesso-Logo-White.svg\",\"contentUrl\":\"https:\/\/avessoknitlab.com\/wp-content\/uploads\/2023\/06\/avesso-Logo-White.svg\",\"caption\":\"avesso knitlab\"},\"image\":{\"@id\":\"https:\/\/avessoknitlab.com\/#\/schema\/logo\/image\/\"}}]}<\/script>\n<!-- \/ Yoast SEO Premium plugin. -->","yoast_head_json":{"title":"\u00c1rea de Cliente | avesso knitlab","description":"Fa\u00e7a Login na sua conta avesso knitlab: acesso r\u00e1pido e seguro \u00e0 sua \u00e1rea de cliente.","robots":{"index":"index","follow":"follow","max-snippet":"max-snippet:-1","max-image-preview":"max-image-preview:large","max-video-preview":"max-video-preview:-1"},"canonical":"https:\/\/avessoknitlab.com\/en\/my-account\/","og_locale":"en_GB","og_type":"article","og_description":"Fa\u00e7a Login na sua conta avesso knitlab: acesso r\u00e1pido e seguro \u00e0 sua \u00e1rea de cliente.","og_url":"https:\/\/avessoknitlab.com\/en\/my-account\/","og_site_name":"avesso knitlab","article_modified_time":"2024-11-12T12:32:47+00:00","twitter_card":"summary_large_image","twitter_misc":{"Estimated reading time":"1 minute"},"schema":{"@context":"https:\/\/schema.org","@graph":[{"@type":"WebPage","@id":"https:\/\/avessoknitlab.com\/my-account\/","url":"https:\/\/avessoknitlab.com\/my-account\/","name":"\u00c1rea de Cliente | avesso knitlab","isPartOf":{"@id":"https:\/\/avessoknitlab.com\/#website"},"datePublished":"2023-08-29T15:52:50+00:00","dateModified":"2024-11-12T12:32:47+00:00","description":"Fa\u00e7a Login na sua conta avesso knitlab: acesso r\u00e1pido e seguro \u00e0 sua \u00e1rea de cliente.","inLanguage":"en-GB","potentialAction":[{"@type":"ReadAction","target":["https:\/\/avessoknitlab.com\/my-account\/"]}]},{"@type":"WebSite","@id":"https:\/\/avessoknitlab.com\/#website","url":"https:\/\/avessoknitlab.com\/","name":"avesso knitlab","description":"Exploring knit boundaries","publisher":{"@id":"https:\/\/avessoknitlab.com\/#organization"},"potentialAction":[{"@type":"SearchAction","target":{"@type":"EntryPoint","urlTemplate":"https:\/\/avessoknitlab.com\/?s={search_term_string}"},"query-input":"required name=search_term_string"}],"inLanguage":"en-GB"},{"@type":"Organization","@id":"https:\/\/avessoknitlab.com\/#organization","name":"avesso knitlab","url":"https:\/\/avessoknitlab.com\/","logo":{"@type":"ImageObject","inLanguage":"en-GB","@id":"https:\/\/avessoknitlab.com\/#\/schema\/logo\/image\/","url":"https:\/\/avessoknitlab.com\/wp-content\/uploads\/2023\/06\/avesso-Logo-White.svg","contentUrl":"https:\/\/avessoknitlab.com\/wp-content\/uploads\/2023\/06\/avesso-Logo-White.svg","caption":"avesso knitlab"},"image":{"@id":"https:\/\/avessoknitlab.com\/#\/schema\/logo\/image\/"}}]}},"_links":{"self":[{"href":"https:\/\/avessoknitlab.com\/en\/wp-json\/wp\/v2\/pages\/3010"}],"collection":[{"href":"https:\/\/avessoknitlab.com\/en\/wp-json\/wp\/v2\/pages"}],"about":[{"href":"https:\/\/avessoknitlab.com\/en\/wp-json\/wp\/v2\/types\/page"}],"author":[{"embeddable":true,"href":"https:\/\/avessoknitlab.com\/en\/wp-json\/wp\/v2\/users\/1"}],"replies":[{"embeddable":true,"href":"https:\/\/avessoknitlab.com\/en\/wp-json\/wp\/v2\/comments?post=3010"}],"version-history":[{"count":20,"href":"https:\/\/avessoknitlab.com\/en\/wp-json\/wp\/v2\/pages\/3010\/revisions"}],"predecessor-version":[{"id":6338,"href":"https:\/\/avessoknitlab.com\/en\/wp-json\/wp\/v2\/pages\/3010\/revisions\/6338"}],"wp:attachment":[{"href":"https:\/\/avessoknitlab.com\/en\/wp-json\/wp\/v2\/media?parent=3010"}],"curies":[{"name":"wp","href":"https:\/\/api.w.org\/{rel}","templated":true}]}}