{"id":4404,"date":"2023-11-16T14:55:02","date_gmt":"2023-11-16T14:55:02","guid":{"rendered":"https:\/\/avessoknitlab.com\/?post_type=product&#038;p=4404"},"modified":"2024-11-14T10:20:05","modified_gmt":"2024-11-14T10:20:05","slug":"cadeira-x-marks-the-spot","status":"publish","type":"product","link":"https:\/\/avessoknitlab.com\/en\/product\/cadeira-x-marks-the-spot\/","title":{"rendered":"X Marks The Spot Chair"},"content":{"rendered":"<p>X Marks The Spot inspira-se na estrutura natural da cadeira, para readaptar o uso de espa\u00e7os mortos, criar liga\u00e7\u00f5es de formas esquecidas e possibilidades visuais ignoradas.<br \/>\nIts structure, made in beech wood and piquet knit fabric shaped in braided honeycombs, ensures a neutral ecological footprint, while keeping its exquisite and elegant visuals, and never compromising its top notch comfort and finishes.<br \/>\nThis piece is customisable by color and knitting texture.<\/p>","protected":false},"excerpt":{"rendered":"<p>X Marks The Spot inspira-se na estrutura natural da cadeira, para readaptar o uso de espa\u00e7os mortos, criar liga\u00e7\u00f5es de formas esquecidas e possibilidades visuais ignoradas. A estrutura em madeira faia, com malha piquet em composi\u00e7\u00e3o de favos entran\u00e7ada, garante uma pegada ecol\u00f3gica neutra, mantendo o visual requintado e elegante, nunca abdicando do conforto e [&hellip;]<\/p>","protected":false},"featured_media":5041,"template":"","meta":{"_acf_changed":false},"product_cat":[55],"product_tag":[33,35,45],"class_list":{"0":"post-4404","1":"product","2":"type-product","3":"status-publish","4":"has-post-thumbnail","6":"product_cat-sentar","7":"product_tag-candeeiro","8":"product_tag-iluminacao","9":"product_tag-torcido","11":"first","12":"instock","13":"taxable","14":"shipping-taxable","15":"purchasable","16":"product-type-variable"},"acf":[],"yoast_head":"<!-- This site is optimized with the Yoast SEO Premium plugin v23.0 (Yoast SEO v23.0) - https:\/\/yoast.com\/wordpress\/plugins\/seo\/ -->\n<title>Cadeira X Marks The Spot - avesso knitlab<\/title>\n<meta name=\"robots\" content=\"index, follow, max-snippet:-1, max-image-preview:large, max-video-preview:-1\" \/>\n<link rel=\"canonical\" href=\"https:\/\/avessoknitlab.com\/en\/product\/cadeira-x-marks-the-spot\/\" \/>\n<meta property=\"og:locale\" content=\"en_GB\" \/>\n<meta property=\"og:type\" content=\"article\" \/>\n<meta property=\"og:title\" content=\"Cadeira X Marks The Spot\" \/>\n<meta property=\"og:description\" content=\"X Marks The Spot inspira-se na estrutura natural da cadeira, para readaptar o uso de espa\u00e7os mortos, criar liga\u00e7\u00f5es de formas esquecidas e possibilidades visuais ignoradas. A estrutura em madeira faia, com malha piquet em composi\u00e7\u00e3o de favos entran\u00e7ada, garante uma pegada ecol\u00f3gica neutra, mantendo o visual requintado e elegante, nunca abdicando do conforto e [&hellip;]\" \/>\n<meta property=\"og:url\" content=\"https:\/\/avessoknitlab.com\/en\/product\/cadeira-x-marks-the-spot\/\" \/>\n<meta property=\"og:site_name\" content=\"avesso knitlab\" \/>\n<meta property=\"article:modified_time\" content=\"2024-11-14T10:20:05+00:00\" \/>\n<meta property=\"og:image\" content=\"https:\/\/avessoknitlab.com\/wp-content\/uploads\/2023\/11\/Xmarks4.jpg\" \/>\n\t<meta property=\"og:image:width\" content=\"1110\" \/>\n\t<meta property=\"og:image:height\" content=\"618\" \/>\n\t<meta property=\"og:image:type\" content=\"image\/jpeg\" \/>\n<meta name=\"twitter:card\" content=\"summary_large_image\" \/>\n<meta name=\"twitter:label1\" content=\"Availability\" \/>\n\t<meta name=\"twitter:data1\" content=\"In stock\" \/>\n<script type=\"application\/ld+json\" class=\"yoast-schema-graph\">{\"@context\":\"https:\/\/schema.org\",\"@graph\":[{\"@type\":[\"WebPage\",\"ItemPage\"],\"@id\":\"https:\/\/avessoknitlab.com\/product\/cadeira-x-marks-the-spot\/\",\"url\":\"https:\/\/avessoknitlab.com\/product\/cadeira-x-marks-the-spot\/\",\"name\":\"Cadeira X Marks The Spot - avesso knitlab\",\"isPartOf\":{\"@id\":\"https:\/\/avessoknitlab.com\/#website\"},\"primaryImageOfPage\":{\"@id\":\"https:\/\/avessoknitlab.com\/product\/cadeira-x-marks-the-spot\/#primaryimage\"},\"image\":{\"@id\":\"https:\/\/avessoknitlab.com\/product\/cadeira-x-marks-the-spot\/#primaryimage\"},\"thumbnailUrl\":\"https:\/\/avessoknitlab.com\/wp-content\/uploads\/2023\/11\/Xmarks4.jpg\",\"datePublished\":\"2023-11-16T14:55:02+00:00\",\"dateModified\":\"2024-11-14T10:20:05+00:00\",\"breadcrumb\":{\"@id\":\"https:\/\/avessoknitlab.com\/product\/cadeira-x-marks-the-spot\/#breadcrumb\"},\"inLanguage\":\"en-GB\",\"potentialAction\":[{\"@type\":\"ReadAction\",\"target\":[\"https:\/\/avessoknitlab.com\/product\/cadeira-x-marks-the-spot\/\"]}]},{\"@type\":\"ImageObject\",\"inLanguage\":\"en-GB\",\"@id\":\"https:\/\/avessoknitlab.com\/product\/cadeira-x-marks-the-spot\/#primaryimage\",\"url\":\"https:\/\/avessoknitlab.com\/wp-content\/uploads\/2023\/11\/Xmarks4.jpg\",\"contentUrl\":\"https:\/\/avessoknitlab.com\/wp-content\/uploads\/2023\/11\/Xmarks4.jpg\",\"width\":1110,\"height\":618},{\"@type\":\"BreadcrumbList\",\"@id\":\"https:\/\/avessoknitlab.com\/product\/cadeira-x-marks-the-spot\/#breadcrumb\",\"itemListElement\":[{\"@type\":\"ListItem\",\"position\":1,\"name\":\"Home\",\"item\":\"https:\/\/avessoknitlab.com\/\"},{\"@type\":\"ListItem\",\"position\":2,\"name\":\"Produtos\",\"item\":\"https:\/\/avessoknitlab.com\/produtos\/\"},{\"@type\":\"ListItem\",\"position\":3,\"name\":\"Sentar\",\"item\":\"https:\/\/avessoknitlab.com\/product-category\/sentar\/\"},{\"@type\":\"ListItem\",\"position\":4,\"name\":\"Cadeira X Marks The Spot\"}]},{\"@type\":\"WebSite\",\"@id\":\"https:\/\/avessoknitlab.com\/#website\",\"url\":\"https:\/\/avessoknitlab.com\/\",\"name\":\"avesso knitlab\",\"description\":\"Exploring knit boundaries\",\"publisher\":{\"@id\":\"https:\/\/avessoknitlab.com\/#organization\"},\"potentialAction\":[{\"@type\":\"SearchAction\",\"target\":{\"@type\":\"EntryPoint\",\"urlTemplate\":\"https:\/\/avessoknitlab.com\/?s={search_term_string}\"},\"query-input\":\"required name=search_term_string\"}],\"inLanguage\":\"en-GB\"},{\"@type\":\"Organization\",\"@id\":\"https:\/\/avessoknitlab.com\/#organization\",\"name\":\"avesso knitlab\",\"url\":\"https:\/\/avessoknitlab.com\/\",\"logo\":{\"@type\":\"ImageObject\",\"inLanguage\":\"en-GB\",\"@id\":\"https:\/\/avessoknitlab.com\/#\/schema\/logo\/image\/\",\"url\":\"https:\/\/avessoknitlab.com\/wp-content\/uploads\/2023\/06\/avesso-Logo-White.svg\",\"contentUrl\":\"https:\/\/avessoknitlab.com\/wp-content\/uploads\/2023\/06\/avesso-Logo-White.svg\",\"caption\":\"avesso knitlab\"},\"image\":{\"@id\":\"https:\/\/avessoknitlab.com\/#\/schema\/logo\/image\/\"}}]}<\/script>\n<meta property=\"og:availability\" content=\"instock\" \/>\n<meta property=\"product:availability\" content=\"instock\" \/>\n<meta property=\"product:condition\" content=\"new\" \/>\n<!-- \/ Yoast SEO Premium plugin. -->","yoast_head_json":{"title":"Cadeira X Marks The Spot - avesso knitlab","robots":{"index":"index","follow":"follow","max-snippet":"max-snippet:-1","max-image-preview":"max-image-preview:large","max-video-preview":"max-video-preview:-1"},"canonical":"https:\/\/avessoknitlab.com\/en\/product\/cadeira-x-marks-the-spot\/","og_locale":"en_GB","og_type":"article","og_title":"Cadeira X Marks The Spot","og_description":"X Marks The Spot inspira-se na estrutura natural da cadeira, para readaptar o uso de espa\u00e7os mortos, criar liga\u00e7\u00f5es de formas esquecidas e possibilidades visuais ignoradas. A estrutura em madeira faia, com malha piquet em composi\u00e7\u00e3o de favos entran\u00e7ada, garante uma pegada ecol\u00f3gica neutra, mantendo o visual requintado e elegante, nunca abdicando do conforto e [&hellip;]","og_url":"https:\/\/avessoknitlab.com\/en\/product\/cadeira-x-marks-the-spot\/","og_site_name":"avesso knitlab","article_modified_time":"2024-11-14T10:20:05+00:00","og_image":[{"width":1110,"height":618,"url":"https:\/\/avessoknitlab.com\/wp-content\/uploads\/2023\/11\/Xmarks4.jpg","type":"image\/jpeg"}],"twitter_card":"summary_large_image","twitter_misc":{"Availability":"In stock"},"schema":{"@context":"https:\/\/schema.org","@graph":[{"@type":["WebPage","ItemPage"],"@id":"https:\/\/avessoknitlab.com\/product\/cadeira-x-marks-the-spot\/","url":"https:\/\/avessoknitlab.com\/product\/cadeira-x-marks-the-spot\/","name":"Cadeira X Marks The Spot - avesso knitlab","isPartOf":{"@id":"https:\/\/avessoknitlab.com\/#website"},"primaryImageOfPage":{"@id":"https:\/\/avessoknitlab.com\/product\/cadeira-x-marks-the-spot\/#primaryimage"},"image":{"@id":"https:\/\/avessoknitlab.com\/product\/cadeira-x-marks-the-spot\/#primaryimage"},"thumbnailUrl":"https:\/\/avessoknitlab.com\/wp-content\/uploads\/2023\/11\/Xmarks4.jpg","datePublished":"2023-11-16T14:55:02+00:00","dateModified":"2024-11-14T10:20:05+00:00","breadcrumb":{"@id":"https:\/\/avessoknitlab.com\/product\/cadeira-x-marks-the-spot\/#breadcrumb"},"inLanguage":"en-GB","potentialAction":[{"@type":"ReadAction","target":["https:\/\/avessoknitlab.com\/product\/cadeira-x-marks-the-spot\/"]}]},{"@type":"ImageObject","inLanguage":"en-GB","@id":"https:\/\/avessoknitlab.com\/product\/cadeira-x-marks-the-spot\/#primaryimage","url":"https:\/\/avessoknitlab.com\/wp-content\/uploads\/2023\/11\/Xmarks4.jpg","contentUrl":"https:\/\/avessoknitlab.com\/wp-content\/uploads\/2023\/11\/Xmarks4.jpg","width":1110,"height":618},{"@type":"BreadcrumbList","@id":"https:\/\/avessoknitlab.com\/product\/cadeira-x-marks-the-spot\/#breadcrumb","itemListElement":[{"@type":"ListItem","position":1,"name":"Home","item":"https:\/\/avessoknitlab.com\/"},{"@type":"ListItem","position":2,"name":"Produtos","item":"https:\/\/avessoknitlab.com\/produtos\/"},{"@type":"ListItem","position":3,"name":"Sentar","item":"https:\/\/avessoknitlab.com\/product-category\/sentar\/"},{"@type":"ListItem","position":4,"name":"Cadeira X Marks The Spot"}]},{"@type":"WebSite","@id":"https:\/\/avessoknitlab.com\/#website","url":"https:\/\/avessoknitlab.com\/","name":"avesso knitlab","description":"Exploring knit boundaries","publisher":{"@id":"https:\/\/avessoknitlab.com\/#organization"},"potentialAction":[{"@type":"SearchAction","target":{"@type":"EntryPoint","urlTemplate":"https:\/\/avessoknitlab.com\/?s={search_term_string}"},"query-input":"required name=search_term_string"}],"inLanguage":"en-GB"},{"@type":"Organization","@id":"https:\/\/avessoknitlab.com\/#organization","name":"avesso knitlab","url":"https:\/\/avessoknitlab.com\/","logo":{"@type":"ImageObject","inLanguage":"en-GB","@id":"https:\/\/avessoknitlab.com\/#\/schema\/logo\/image\/","url":"https:\/\/avessoknitlab.com\/wp-content\/uploads\/2023\/06\/avesso-Logo-White.svg","contentUrl":"https:\/\/avessoknitlab.com\/wp-content\/uploads\/2023\/06\/avesso-Logo-White.svg","caption":"avesso knitlab"},"image":{"@id":"https:\/\/avessoknitlab.com\/#\/schema\/logo\/image\/"}}]},"og_availability":"instock","product_availability":"instock","product_condition":"new"},"_links":{"self":[{"href":"https:\/\/avessoknitlab.com\/en\/wp-json\/wp\/v2\/product\/4404"}],"collection":[{"href":"https:\/\/avessoknitlab.com\/en\/wp-json\/wp\/v2\/product"}],"about":[{"href":"https:\/\/avessoknitlab.com\/en\/wp-json\/wp\/v2\/types\/product"}],"wp:featuredmedia":[{"embeddable":true,"href":"https:\/\/avessoknitlab.com\/en\/wp-json\/wp\/v2\/media\/5041"}],"wp:attachment":[{"href":"https:\/\/avessoknitlab.com\/en\/wp-json\/wp\/v2\/media?parent=4404"}],"wp:term":[{"taxonomy":"product_cat","embeddable":true,"href":"https:\/\/avessoknitlab.com\/en\/wp-json\/wp\/v2\/product_cat?post=4404"},{"taxonomy":"product_tag","embeddable":true,"href":"https:\/\/avessoknitlab.com\/en\/wp-json\/wp\/v2\/product_tag?post=4404"}],"curies":[{"name":"wp","href":"https:\/\/api.w.org\/{rel}","templated":true}]}}